{"id":1103,"date":"2022-02-15T15:38:12","date_gmt":"2022-02-15T14:38:12","guid":{"rendered":"https:\/\/measureall.insaniam.site\/structural-work\/"},"modified":"2022-03-04T14:07:17","modified_gmt":"2022-03-04T13:07:17","slug":"structural-work","status":"publish","type":"page","link":"https:\/\/measureall.app\/en\/structural-work\/","title":{"rendered":"Structural Work"},"content":{"rendered":"<p>[vc_section video_bg=&#8221;yes&#8221; video_bg_url=&#8221;https:\/\/www.youtube.com\/watch?v=IqvSdW-vXzU&#8221; el_id=&#8221;banner&#8221; el_class=&#8221;hide-mobile&#8221;][vc_row][vc_column]<div >[vc_row_inner content_placement=&#8221;middle&#8221; el_class=&#8221;align-items-center&#8221;][vc_column_inner width=&#8221;1\/4&#8243;][vc_empty_space]<div class=\"banner-text\">\r\n\t\t\t\t\t<h1 class=\"wow fadeInUp\" data-wow-offset=\"10\" data-wow-duration=\"1s\" data-wow-delay=\"0s\">Mason<\/h1><p class=\"wow fadeInUp\" data-wow-offset=\"10\" data-wow-duration=\"1s\" data-wow-delay=\"0.3s\">Easily create quotes by measuring every centimeter of your PDF plan right on your phone or tablet.<\/p><\/div>[\/vc_column_inner][vc_column_inner width=&#8221;1\/2&#8243;][\/vc_column_inner][vc_column_inner width=&#8221;1\/4&#8243;][vc_raw_html]PGEgdGFyZ2V0PSJfYmxhbmsiIGhyZWY9Imh0dHBzOi8vYXBwcy5hcHBsZS5jb20vZnIvYXBwL21lYXN1cmVhbGwvaWQxNTM3NTQ3Nzg2IiBjbGFzcz0iYmFubmVyLWltYWdlLWNlbnRlciB3b3cgZmFkZUluVXAiIGRhdGEtd293LW9mZnNldD0iMTAiIGRhdGEtd293LWR1cmF0aW9uPSIxcyIgZGF0YS13b3ctZGVsYXk9IjAuM3MiIHN0eWxlPSJ2aXNpYmlsaXR5OiB2aXNpYmxlOyBhbmltYXRpb24tZHVyYXRpb246IDFzOyBhbmltYXRpb24tZGVsYXk6IDAuM3M7IGFuaW1hdGlvbi1uYW1lOiBmYWRlSW5VcDsiPgoJCQkJCTxpbWcgc3JjPSJodHRwczovL21lYXN1cmVhbGwuaW5zYW5pYW0uc2l0ZS93cC1jb250ZW50L3VwbG9hZHMvMjAyMi8wMi9NQS1pY29uZXMtMDQucG5nIiBhbHQ9IiI+PC9hPg==[\/vc_raw_html][vc_empty_space height=&#8221;10px&#8221;][vc_raw_html]PGEgdGFyZ2V0PSJfYmxhbmsiIGhyZWY9Imh0dHBzOi8vcGxheS5nb29nbGUuY29tL3N0b3JlL2FwcHMvZGV0YWlscz9pZD1jb20ubWVhc3VyZWFsbC5hcHAiIGNsYXNzPSJiYW5uZXItaW1hZ2UtY2VudGVyIHdvdyBmYWRlSW5VcCIgZGF0YS13b3ctb2Zmc2V0PSIxMCIgZGF0YS13b3ctZHVyYXRpb249IjFzIiBkYXRhLXdvdy1kZWxheT0iMC4zcyIgc3R5bGU9InZpc2liaWxpdHk6IHZpc2libGU7IGFuaW1hdGlvbi1kdXJhdGlvbjogMXM7IGFuaW1hdGlvbi1kZWxheTogMC4zczsgYW5pbWF0aW9uLW5hbWU6IGZhZGVJblVwOyI+CgkJCQkJPGltZyBzcmM9Imh0dHBzOi8vbWVhc3VyZWFsbC5pbnNhbmlhbS5zaXRlL3dwLWNvbnRlbnQvdXBsb2Fkcy8yMDIyLzAyL01BLWljb25lcy0wMy5wbmciIGFsdD0iIj48L2E+[\/vc_raw_html][vc_empty_space height=&#8221;10px&#8221;][\/vc_column_inner][\/vc_row_inner]<\/div>[\/vc_column][\/vc_row][\/vc_section][vc_section el_id=&#8221;banner-mobile&#8221;][vc_row][vc_column][vc_empty_space]<div class=\"banner-text\">\r\n\t\t\t\t\t<h1 class=\"wow fadeInUp\" data-wow-offset=\"10\" data-wow-duration=\"1s\" data-wow-delay=\"0s\">Mesurer avec facilit\u00e9 et pr\u00e9cision<\/h1><p class=\"wow fadeInUp\" data-wow-offset=\"10\" data-wow-duration=\"1s\" data-wow-delay=\"0.3s\">Mesurez chaque centim\u00e8tre des plans de vos chantiers. Les m\u00e9tr\u00e9s de murs, sols et volumes rapidement.<\/p><\/div>[vc_video link=&#8221;https:\/\/youtu.be\/yQEXBj-w40Y&#8221; el_aspect=&#8221;916&#8243; align=&#8221;center&#8221;][vc_row_inner content_placement=&#8221;middle&#8221; el_class=&#8221;text-center&#8221;][vc_column_inner width=&#8221;1\/2&#8243;][vc_empty_space height=&#8221;10px&#8221;][vc_raw_html]PGEgdGFyZ2V0PSJfYmxhbmsiIGhyZWY9Imh0dHBzOi8vYXBwcy5hcHBsZS5jb20vZnIvYXBwL21lYXN1cmVhbGwvaWQxNTM3NTQ3Nzg2IiBjbGFzcz0iYmFubmVyLWltYWdlLWNlbnRlciB3b3cgZmFkZUluVXAiIGRhdGEtd293LW9mZnNldD0iMTAiIGRhdGEtd293LWR1cmF0aW9uPSIxcyIgZGF0YS13b3ctZGVsYXk9IjAuM3MiIHN0eWxlPSJ2aXNpYmlsaXR5OiB2aXNpYmxlOyBhbmltYXRpb24tZHVyYXRpb246IDFzOyBhbmltYXRpb24tZGVsYXk6IDAuM3M7IGFuaW1hdGlvbi1uYW1lOiBmYWRlSW5VcDsiPgoJCQkJCTxpbWcgc3JjPSJodHRwczovL21lYXN1cmVhbGwuaW5zYW5pYW0uc2l0ZS93cC1jb250ZW50L3VwbG9hZHMvMjAyMi8wMi9NQS1pY29uZXMtMDQucG5nIiBhbHQ9IiI+PC9hPg==[\/vc_raw_html][vc_empty_space height=&#8221;10px&#8221;][\/vc_column_inner][vc_column_inner width=&#8221;1\/2&#8243;][vc_empty_space height=&#8221;10px&#8221;][vc_raw_html]PGEgdGFyZ2V0PSJfYmxhbmsiIGhyZWY9Imh0dHBzOi8vcGxheS5nb29nbGUuY29tL3N0b3JlL2FwcHMvZGV0YWlscz9pZD1jb20ubWVhc3VyZWFsbC5hcHAiIGNsYXNzPSJiYW5uZXItaW1hZ2UtY2VudGVyIHdvdyBmYWRlSW5VcCIgZGF0YS13b3ctb2Zmc2V0PSIxMCIgZGF0YS13b3ctZHVyYXRpb249IjFzIiBkYXRhLXdvdy1kZWxheT0iMC4zcyIgc3R5bGU9InZpc2liaWxpdHk6IHZpc2libGU7IGFuaW1hdGlvbi1kdXJhdGlvbjogMXM7IGFuaW1hdGlvbi1kZWxheTogMC4zczsgYW5pbWF0aW9uLW5hbWU6IGZhZGVJblVwOyI+CgkJCQkJPGltZyBzcmM9Imh0dHBzOi8vbWVhc3VyZWFsbC5pbnNhbmlhbS5zaXRlL3dwLWNvbnRlbnQvdXBsb2Fkcy8yMDIyLzAyL01BLWljb25lcy0wMy5wbmciIGFsdD0iIj48L2E+[\/vc_raw_html][vc_empty_space height=&#8221;10px&#8221;][\/vc_column_inner][\/vc_row_inner][\/vc_column][\/vc_row][\/vc_section][vc_section][vc_row][vc_column]<div class=\"row justify-content-center\"><div class=\"col-12 col-md-10 col-lg-6\"><div class=\"section-title text-center  \"><h3>How does it work?<\/h3><p>Our app is adapted is suitable for structural work professionals.<\/p><\/div><\/div><\/div>[\/vc_column][\/vc_row][vc_row][vc_column width=&#8221;1\/3&#8243;]<div class=\"service-single  res-margin wow fadeInUp\" data-wow-offset=\"10\" data-wow-duration=\"1s\" data-wow-delay=\"0s\">\r\n\t\t\t\t\t<div class=\"icon icon-basic-pencil-ruler\">\r\n\t\t\t\t\t\t\r\n\t\t\t\t\t<\/div>\r\n\t\t\t\t\t<h5>Dimensions<\/h5>\r\n\t\t\t\t\t<p>Take measurements on the PDF plan to know the precise dimensions, lengths, planes, squareness, etc.<\/p>\r\n\t\t\t\t<\/div>[\/vc_column][vc_column width=&#8221;1\/3&#8243;]<div class=\"service-single  res-margin wow fadeInUp\" data-wow-offset=\"10\" data-wow-duration=\"1s\" data-wow-delay=\"0.3s\">\r\n\t\t\t\t\t<div class=\"icon icon-basic-pencil-ruler-pen\">\r\n\t\t\t\t\t\t\r\n\t\t\t\t\t<\/div>\r\n\t\t\t\t\t<h5>Surfaces<\/h5>\r\n\t\t\t\t\t<p>Can also be used to measure floors and terraces.<\/p>\r\n\t\t\t\t<\/div>[\/vc_column][vc_column width=&#8221;1\/3&#8243;]<div class=\"service-single  res-margin wow fadeInUp\" data-wow-offset=\"10\" data-wow-duration=\"1s\" data-wow-delay=\"0.6s\">\r\n\t\t\t\t\t<div class=\"icon icon-basic-home\">\r\n\t\t\t\t\t\t\r\n\t\t\t\t\t<\/div>\r\n\t\t\t\t\t<h5>Walls<\/h5>\r\n\t\t\t\t\t<p>Allows you to measure walls, volumes, concrete foundations, chain beams.. etc<\/p>\r\n\t\t\t\t<\/div>[\/vc_column][\/vc_row][\/vc_section][vc_section el_id=&#8221;parallax-video&#8221; css=&#8221;.vc_custom_1644841482078{background-image: url(https:\/\/measureall.app\/wp-content\/uploads\/2022\/02\/MockupScreen.jpg?id=555) !important;}&#8221;][vc_row][vc_column]<\/p>\n<div class=\"row\">\r\n\t\t\t\t\t<div class=\"video-btn wow fadeInUp\" data-wow-offset=\"10\" data-wow-duration=\"1s\" data-wow-delay=\"0s\"><p><a href=\"https:\/\/www.youtube.com\/embed\/IqvSdW-vXzU\" data-rel=\"lightcase\" class=\"play-btn\" target=\"_blank\" rel=\"noopener\"><i class=\"fas fa-play\"><\/i><\/a><\/p><p class=\"video-text\">Watch the Video<\/p><\/div>\r\n\t\t\t\t<\/div>\n<p>[\/vc_column][\/vc_row][\/vc_section][vc_section el_id=&#8221;captures&#8221; el_class=&#8221;bg-grey&#8221;][vc_row][vc_column]<div class=\"row justify-content-center\"><div class=\"col-12 col-md-10 col-lg-6\"><div class=\"section-title text-center  \"><h3>App Screenshots<\/h3><p>The application takes care of measuring a PDF plan for you and listing your different measurements in a folder, in just a few moments.<\/p><\/div><\/div><\/div>[\/vc_column][\/vc_row][vc_row][vc_column]<div class=\"row\">\r\n\t\t\t\t\t\t<div class=\"col-12\">\r\n\t\t\t\t\t\t\t<div \r\n\t\t\t\t\t\t\t\tclass=\"owl-carousel owl-theme screenshot-slider zoom-screenshot\"\r\n\t\t\t\t\t\t\t\tdata-count-desktop=\"4\"\r\n\t\t\t\t\t\t\t\tdata-count-tablet=\"2\"\r\n\t\t\t\t\t\t\t\tdata-count-mobile=\"1\"\r\n\t\t\t\t\t\t\t><div class=\"item\">\r\n\t\t\t\t\t\t\t\t<a href=\"https:\/\/measureall.app\/wp-content\/uploads\/2022\/02\/a-1.png\"><img decoding=\"async\" src=\"https:\/\/measureall.app\/wp-content\/uploads\/2022\/02\/a-1.png\" alt=\"screenshot\" \/><\/a>\r\n\t\t\t\t\t\t\t<\/div><div class=\"item\">\r\n\t\t\t\t\t\t\t\t<a href=\"https:\/\/measureall.app\/wp-content\/uploads\/2022\/02\/b-1.png\"><img decoding=\"async\" src=\"https:\/\/measureall.app\/wp-content\/uploads\/2022\/02\/b-1.png\" alt=\"screenshot\" \/><\/a>\r\n\t\t\t\t\t\t\t<\/div><div class=\"item\">\r\n\t\t\t\t\t\t\t\t<a href=\"https:\/\/measureall.app\/wp-content\/uploads\/2022\/02\/c-1.png\"><img decoding=\"async\" src=\"https:\/\/measureall.app\/wp-content\/uploads\/2022\/02\/c-1.png\" alt=\"screenshot\" \/><\/a>\r\n\t\t\t\t\t\t\t<\/div><div class=\"item\">\r\n\t\t\t\t\t\t\t\t<a href=\"https:\/\/measureall.app\/wp-content\/uploads\/2022\/02\/d-1.png\"><img decoding=\"async\" src=\"https:\/\/measureall.app\/wp-content\/uploads\/2022\/02\/d-1.png\" alt=\"screenshot\" \/><\/a>\r\n\t\t\t\t\t\t\t<\/div><div class=\"item\">\r\n\t\t\t\t\t\t\t\t<a href=\"https:\/\/measureall.app\/wp-content\/uploads\/2022\/02\/e-1.png\"><img decoding=\"async\" src=\"https:\/\/measureall.app\/wp-content\/uploads\/2022\/02\/e-1.png\" alt=\"screenshot\" \/><\/a>\r\n\t\t\t\t\t\t\t<\/div>\t\t<\/div>\r\n\t\t\t\t\t\t<\/div>\r\n\t\t\t\t\t<\/div>[vc_empty_space][\/vc_column][\/vc_row][vc_row el_class=&#8221;text-center&#8221;][vc_column width=&#8221;1\/3&#8243;][\/vc_column][vc_column width=&#8221;1\/3&#8243;][vc_row_inner][vc_column_inner width=&#8221;1\/2&#8243;][vc_raw_html]PGEgdGFyZ2V0PSJfYmxhbmsiIGhyZWY9Imh0dHBzOi8vYXBwcy5hcHBsZS5jb20vZnIvYXBwL21lYXN1cmVhbGwvaWQxNTM3NTQ3Nzg2IiBjbGFzcz0iYmFubmVyLWltYWdlLWNlbnRlciB3b3cgZmFkZUluVXAiIGRhdGEtd293LW9mZnNldD0iMTAiIGRhdGEtd293LWR1cmF0aW9uPSIxcyIgZGF0YS13b3ctZGVsYXk9IjAuM3MiIHN0eWxlPSJ2aXNpYmlsaXR5OiB2aXNpYmxlOyBhbmltYXRpb24tZHVyYXRpb246IDFzOyBhbmltYXRpb24tZGVsYXk6IDAuM3M7IGFuaW1hdGlvbi1uYW1lOiBmYWRlSW5VcDsiPgoJCQkJCTxpbWcgc3JjPSJodHRwczovL21lYXN1cmVhbGwuaW5zYW5pYW0uc2l0ZS93cC1jb250ZW50L3VwbG9hZHMvMjAyMi8wMi9NQS1pY29uZXMtMDQucG5nIiBhbHQ9IiI+PC9hPg==[\/vc_raw_html][vc_empty_space height=&#8221;10px&#8221;][\/vc_column_inner][vc_column_inner width=&#8221;1\/2&#8243;][vc_raw_html]PGEgdGFyZ2V0PSJfYmxhbmsiIGhyZWY9Imh0dHBzOi8vcGxheS5nb29nbGUuY29tL3N0b3JlL2FwcHMvZGV0YWlscz9pZD1jb20ubWVhc3VyZWFsbC5hcHAiIGNsYXNzPSJiYW5uZXItaW1hZ2UtY2VudGVyIHdvdyBmYWRlSW5VcCIgZGF0YS13b3ctb2Zmc2V0PSIxMCIgZGF0YS13b3ctZHVyYXRpb249IjFzIiBkYXRhLXdvdy1kZWxheT0iMC4zcyIgc3R5bGU9InZpc2liaWxpdHk6IHZpc2libGU7IGFuaW1hdGlvbi1kdXJhdGlvbjogMXM7IGFuaW1hdGlvbi1kZWxheTogMC4zczsgYW5pbWF0aW9uLW5hbWU6IGZhZGVJblVwOyI+CgkJCQkJPGltZyBzcmM9Imh0dHBzOi8vbWVhc3VyZWFsbC5pbnNhbmlhbS5zaXRlL3dwLWNvbnRlbnQvdXBsb2Fkcy8yMDIyLzAyL01BLWljb25lcy0wMy5wbmciIGFsdD0iIj48L2E+[\/vc_raw_html][vc_empty_space height=&#8221;10px&#8221;][\/vc_column_inner][\/vc_row_inner][\/vc_column][vc_column width=&#8221;1\/3&#8243;][\/vc_column][\/vc_row][\/vc_section]<\/p>\n","protected":false},"excerpt":{"rendered":"<p>[vc_section video_bg=&#8221;yes&#8221; video_bg_url=&#8221;https:\/\/www.youtube.com\/watch?v=IqvSdW-vXzU&#8221; el_id=&#8221;banner&#8221; el_class=&#8221;hide-mobile&#8221;][vc_row][vc_column][\/vc_column][\/vc_row][\/vc_section][vc_section el_id=&#8221;banner-mobile&#8221;][vc_row][vc_column][vc_empty_space][vc_video link=&#8221;https:\/\/youtu.be\/yQEXBj-w40Y&#8221; el_aspect=&#8221;916&#8243; align=&#8221;center&#8221;][vc_row_inner content_placement=&#8221;middle&#8221; el_class=&#8221;text-center&#8221;][vc_column_inner width=&#8221;1\/2&#8243;][vc_empty_space height=&#8221;10px&#8221;][vc_raw_html]PGEgdGFyZ2V0PSJfYmxhbmsiIGhyZWY9Imh0dHBzOi8vYXBwcy5hcHBsZS5jb20vZnIvYXBwL21lYXN1cmVhbGwvaWQxNTM3NTQ3Nzg2IiBjbGFzcz0iYmFubmVyLWltYWdlLWNlbnRlciB3b3cgZmFkZUluVXAiIGRhdGEtd293LW9mZnNldD0iMTAiIGRhdGEtd293LWR1cmF0aW9uPSIxcyIgZGF0YS13b3ctZGVsYXk9IjAuM3MiIHN0eWxlPSJ2aXNpYmlsaXR5OiB2aXNpYmxlOyBhbmltYXRpb24tZHVyYXRpb246IDFzOyBhbmltYXRpb24tZGVsYXk6IDAuM3M7IGFuaW1hdGlvbi1uYW1lOiBmYWRlSW5VcDsiPgoJCQkJCTxpbWcgc3JjPSJodHRwczovL21lYXN1cmVhbGwuaW5zYW5pYW0uc2l0ZS93cC1jb250ZW50L3VwbG9hZHMvMjAyMi8wMi9NQS1pY29uZXMtMDQucG5nIiBhbHQ9IiI+PC9hPg==[\/vc_raw_html][vc_empty_space height=&#8221;10px&#8221;][\/vc_column_inner][vc_column_inner width=&#8221;1\/2&#8243;][vc_empty_space height=&#8221;10px&#8221;][vc_raw_html]PGEgdGFyZ2V0PSJfYmxhbmsiIGhyZWY9Imh0dHBzOi8vcGxheS5nb29nbGUuY29tL3N0b3JlL2FwcHMvZGV0YWlscz9pZD1jb20ubWVhc3VyZWFsbC5hcHAiIGNsYXNzPSJiYW5uZXItaW1hZ2UtY2VudGVyIHdvdyBmYWRlSW5VcCIgZGF0YS13b3ctb2Zmc2V0PSIxMCIgZGF0YS13b3ctZHVyYXRpb249IjFzIiBkYXRhLXdvdy1kZWxheT0iMC4zcyIgc3R5bGU9InZpc2liaWxpdHk6IHZpc2libGU7IGFuaW1hdGlvbi1kdXJhdGlvbjogMXM7IGFuaW1hdGlvbi1kZWxheTogMC4zczsgYW5pbWF0aW9uLW5hbWU6IGZhZGVJblVwOyI+CgkJCQkJPGltZyBzcmM9Imh0dHBzOi8vbWVhc3VyZWFsbC5pbnNhbmlhbS5zaXRlL3dwLWNvbnRlbnQvdXBsb2Fkcy8yMDIyLzAyL01BLWljb25lcy0wMy5wbmciIGFsdD0iIj48L2E+[\/vc_raw_html][vc_empty_space height=&#8221;10px&#8221;][\/vc_column_inner][\/vc_row_inner][\/vc_column][\/vc_row][\/vc_section][vc_section][vc_row][vc_column][\/vc_column][\/vc_row][vc_row][vc_column width=&#8221;1\/3&#8243;][\/vc_column][vc_column width=&#8221;1\/3&#8243;][\/vc_column][vc_column width=&#8221;1\/3&#8243;][\/vc_column][\/vc_row][\/vc_section][vc_section el_id=&#8221;parallax-video&#8221; css=&#8221;.vc_custom_1644841482078{background-image: url(https:\/\/measureall.app\/wp-content\/uploads\/2022\/02\/MockupScreen.jpg?id=555) !important;}&#8221;][vc_row][vc_column] [\/vc_column][\/vc_row][\/vc_section][vc_section el_id=&#8221;captures&#8221; el_class=&#8221;bg-grey&#8221;][vc_row][vc_column][\/vc_column][\/vc_row][vc_row][vc_column][vc_empty_space][\/vc_column][\/vc_row][vc_row el_class=&#8221;text-center&#8221;][vc_column width=&#8221;1\/3&#8243;][\/vc_column][vc_column width=&#8221;1\/3&#8243;][vc_row_inner][vc_column_inner width=&#8221;1\/2&#8243;][vc_raw_html]PGEgdGFyZ2V0PSJfYmxhbmsiIGhyZWY9Imh0dHBzOi8vYXBwcy5hcHBsZS5jb20vZnIvYXBwL21lYXN1cmVhbGwvaWQxNTM3NTQ3Nzg2IiBjbGFzcz0iYmFubmVyLWltYWdlLWNlbnRlciB3b3cgZmFkZUluVXAiIGRhdGEtd293LW9mZnNldD0iMTAiIGRhdGEtd293LWR1cmF0aW9uPSIxcyIgZGF0YS13b3ctZGVsYXk9IjAuM3MiIHN0eWxlPSJ2aXNpYmlsaXR5OiB2aXNpYmxlOyBhbmltYXRpb24tZHVyYXRpb246IDFzOyBhbmltYXRpb24tZGVsYXk6IDAuM3M7IGFuaW1hdGlvbi1uYW1lOiBmYWRlSW5VcDsiPgoJCQkJCTxpbWcgc3JjPSJodHRwczovL21lYXN1cmVhbGwuaW5zYW5pYW0uc2l0ZS93cC1jb250ZW50L3VwbG9hZHMvMjAyMi8wMi9NQS1pY29uZXMtMDQucG5nIiBhbHQ9IiI+PC9hPg==[\/vc_raw_html][vc_empty_space height=&#8221;10px&#8221;][\/vc_column_inner][vc_column_inner width=&#8221;1\/2&#8243;][vc_raw_html]PGEgdGFyZ2V0PSJfYmxhbmsiIGhyZWY9Imh0dHBzOi8vcGxheS5nb29nbGUuY29tL3N0b3JlL2FwcHMvZGV0YWlscz9pZD1jb20ubWVhc3VyZWFsbC5hcHAiIGNsYXNzPSJiYW5uZXItaW1hZ2UtY2VudGVyIHdvdyBmYWRlSW5VcCIgZGF0YS13b3ctb2Zmc2V0PSIxMCIgZGF0YS13b3ctZHVyYXRpb249IjFzIiBkYXRhLXdvdy1kZWxheT0iMC4zcyIgc3R5bGU9InZpc2liaWxpdHk6IHZpc2libGU7IGFuaW1hdGlvbi1kdXJhdGlvbjogMXM7IGFuaW1hdGlvbi1kZWxheTogMC4zczsgYW5pbWF0aW9uLW5hbWU6IGZhZGVJblVwOyI+CgkJCQkJPGltZyBzcmM9Imh0dHBzOi8vbWVhc3VyZWFsbC5pbnNhbmlhbS5zaXRlL3dwLWNvbnRlbnQvdXBsb2Fkcy8yMDIyLzAyL01BLWljb25lcy0wMy5wbmciIGFsdD0iIj48L2E+[\/vc_raw_html][vc_empty_space height=&#8221;10px&#8221;][\/vc_column_inner][\/vc_row_inner][\/vc_column][vc_column width=&#8221;1\/3&#8243;][\/vc_column][\/vc_row][\/vc_section]<\/p>\n","protected":false},"author":5,"featured_media":614,"parent":0,"menu_order":0,"comment_status":"closed","ping_status":"closed","template":"templates\/front.php","meta":{"footnotes":""},"class_list":["post-1103","page","type-page","status-publish","has-post-thumbnail","hentry"],"_links":{"self":[{"href":"https:\/\/measureall.app\/en\/wp-json\/wp\/v2\/pages\/1103","targetHints":{"allow":["GET"]}}],"collection":[{"href":"https:\/\/measureall.app\/en\/wp-json\/wp\/v2\/pages"}],"about":[{"href":"https:\/\/measureall.app\/en\/wp-json\/wp\/v2\/types\/page"}],"author":[{"embeddable":true,"href":"https:\/\/measureall.app\/en\/wp-json\/wp\/v2\/users\/5"}],"replies":[{"embeddable":true,"href":"https:\/\/measureall.app\/en\/wp-json\/wp\/v2\/comments?post=1103"}],"version-history":[{"count":8,"href":"https:\/\/measureall.app\/en\/wp-json\/wp\/v2\/pages\/1103\/revisions"}],"predecessor-version":[{"id":1133,"href":"https:\/\/measureall.app\/en\/wp-json\/wp\/v2\/pages\/1103\/revisions\/1133"}],"wp:featuredmedia":[{"embeddable":true,"href":"https:\/\/measureall.app\/en\/wp-json\/wp\/v2\/media\/614"}],"wp:attachment":[{"href":"https:\/\/measureall.app\/en\/wp-json\/wp\/v2\/media?parent=1103"}],"curies":[{"name":"wp","href":"https:\/\/api.w.org\/{rel}","templated":true}]}}